{"id":175,"date":"2023-07-21T15:59:05","date_gmt":"2023-07-21T15:59:05","guid":{"rendered":"https:\/\/apostolodaeucaristia.pt\/?page_id=175"},"modified":"2024-02-06T16:29:11","modified_gmt":"2024-02-06T16:29:11","slug":"biblioteca","status":"publish","type":"page","link":"https:\/\/apostolodaeucaristia.pt\/index.php\/biblioteca\/","title":{"rendered":"Biblioteca"},"content":{"rendered":"<div id='full_slider_1'  class='avia-fullwidth-slider main_color avia-shadow   avia-builder-el-0  el_before_av_codeblock  avia-builder-el-first   container_wrap fullsize'  ><div  class='avia-slideshow av-lsaks4ak-222b8f2d8fcc9aeda10e3a48da7e2aa5 avia-slideshow-featured av_slideshow_full avia-slide-slider av-slideshow-ui av-control-default av-slideshow-manual av-loop-once av-loop-manual-endless av-default-height-applied   avia-slideshow-1' data-slideshow-options=\"{&quot;animation&quot;:&quot;slide&quot;,&quot;autoplay&quot;:false,&quot;loop_autoplay&quot;:&quot;once&quot;,&quot;interval&quot;:5,&quot;loop_manual&quot;:&quot;manual-endless&quot;,&quot;autoplay_stopper&quot;:false,&quot;noNavigation&quot;:false,&quot;bg_slider&quot;:false,&quot;keep_padding&quot;:false,&quot;hoverpause&quot;:false,&quot;show_slide_delay&quot;:0}\"  itemprop=\"image\" itemscope=\"itemscope\" itemtype=\"https:\/\/schema.org\/ImageObject\" ><ul class='avia-slideshow-inner ' style='padding-bottom: 16.666666666667%;'><li  class='avia-slideshow-slide av-lsaks4ak-222b8f2d8fcc9aeda10e3a48da7e2aa5__0  av-single-slide slide-1 slide-odd'><div data-rel='slideshow-1' class='avia-slide-wrap '   ><img decoding=\"async\" class=\"wp-image-866 avia-img-lazy-loading-not-866\"  src=\"https:\/\/apostolodaeucaristia.pt\/wp-content\/uploads\/2024\/02\/IMG-BANNER_final5-1500x250.png\" width=\"1500\" height=\"250\" title='IMG-BANNER_final5' alt=''  itemprop=\"thumbnailUrl\"   \/><\/div><\/li><\/ul><\/div><\/div><div id='after_full_slider_1'  class='main_color av_default_container_wrap container_wrap fullsize'  ><div class='container av-section-cont-open' ><div class='template-page content  av-content-full alpha units'><div class='post-entry post-entry-type-page post-entry-175'><div class='entry-content-wrapper clearfix'>\n\n\n<style type=\"text\/css\" data-created_by=\"avia_inline_auto\" id=\"style-css-av-loxb6rff-8c2065a17093fedd566e5207674f4d6e\">\n#top .hr.hr-invisible.av-loxb6rff-8c2065a17093fedd566e5207674f4d6e{\nheight:25px;\n}\n<\/style>\n<div  class='hr av-loxb6rff-8c2065a17093fedd566e5207674f4d6e hr-invisible  avia-builder-el-2  el_after_av_codeblock  el_before_av_textblock '><span class='hr-inner '><span class=\"hr-inner-style\"><\/span><\/span><\/div>\n\n<style type=\"text\/css\" data-created_by=\"avia_inline_auto\" id=\"style-css-av-loxb7f2g-ca18fda6055eddf3168e223f0301e251\">\n#top .av_textblock_section.av-loxb7f2g-ca18fda6055eddf3168e223f0301e251 .avia_textblock{\nfont-size:25px;\ncolor:#9b7550;\n}\n<\/style>\n<section  class='av_textblock_section av-loxb7f2g-ca18fda6055eddf3168e223f0301e251'  itemscope=\"itemscope\" itemtype=\"https:\/\/schema.org\/CreativeWork\" ><div class='avia_textblock av_inherit_color'  itemprop=\"text\" ><p>BIBLIOTECA<\/p>\n<\/div><\/section>\n\n<div  class='avia-button-wrap av-loxdnsr6-a56b5195d2d0e4d306347b0fafb5c6d0-wrap avia-button-right  avia-builder-el-5  el_after_av_codeblock  avia-builder-el-last '>\n<style type=\"text\/css\" data-created_by=\"avia_inline_auto\" id=\"style-css-av-loxdnsr6-a56b5195d2d0e4d306347b0fafb5c6d0\">\n#top #wrap_all .avia-button.av-loxdnsr6-a56b5195d2d0e4d306347b0fafb5c6d0{\nbackground-color:#49362a;\nborder-color:#49362a;\n-webkit-transition:all 0.4s ease-in-out;\n-moz-transition:all 0.4s ease-in-out;\n-ms-transition:all 0.4s ease-in-out;\n-o-transition:all 0.4s ease-in-out;\ntransition:all 0.4s ease-in-out;\n}\n#top #wrap_all .avia-button.av-loxdnsr6-a56b5195d2d0e4d306347b0fafb5c6d0:hover{\nbackground-color:#49362a;\ncolor:#bbae92;\n-webkit-transition:all 0.4s ease-in-out;\n-moz-transition:all 0.4s ease-in-out;\n-ms-transition:all 0.4s ease-in-out;\n-o-transition:all 0.4s ease-in-out;\ntransition:all 0.4s ease-in-out;\n}\n<\/style>\n<a href='mailto:apostolodaeucaristia@arquidiocese-braga.pt?subject=Pedir mais informa\u00e7\u00f5es' class='avia-button av-loxdnsr6-a56b5195d2d0e4d306347b0fafb5c6d0 avia-icon_select-yes-right-icon avia-size-medium avia-position-right avia-font-color-theme-color' target=\"_blank\" rel=\"noopener noreferrer\"><span class='avia_iconbox_title' >Mais informa\u00e7\u00f5es sobre as publica\u00e7\u00f5es<\/span><span class='avia_button_icon avia_button_icon_right' aria-hidden='true' data-av_icon='\ue881' data-av_iconfont='entypo-fontello'><\/span><\/a><\/div>\n","protected":false},"excerpt":{"rendered":"","protected":false},"author":2,"featured_media":0,"parent":0,"menu_order":0,"comment_status":"closed","ping_status":"closed","template":"","meta":{"_monsterinsights_skip_tracking":false,"_monsterinsights_sitenote_active":false,"_monsterinsights_sitenote_note":"","_monsterinsights_sitenote_category":0,"footnotes":""},"aioseo_notices":[],"_links":{"self":[{"href":"https:\/\/apostolodaeucaristia.pt\/index.php\/wp-json\/wp\/v2\/pages\/175"}],"collection":[{"href":"https:\/\/apostolodaeucaristia.pt\/index.php\/wp-json\/wp\/v2\/pages"}],"about":[{"href":"https:\/\/apostolodaeucaristia.pt\/index.php\/wp-json\/wp\/v2\/types\/page"}],"author":[{"embeddable":true,"href":"https:\/\/apostolodaeucaristia.pt\/index.php\/wp-json\/wp\/v2\/users\/2"}],"replies":[{"embeddable":true,"href":"https:\/\/apostolodaeucaristia.pt\/index.php\/wp-json\/wp\/v2\/comments?post=175"}],"version-history":[{"count":39,"href":"https:\/\/apostolodaeucaristia.pt\/index.php\/wp-json\/wp\/v2\/pages\/175\/revisions"}],"predecessor-version":[{"id":867,"href":"https:\/\/apostolodaeucaristia.pt\/index.php\/wp-json\/wp\/v2\/pages\/175\/revisions\/867"}],"wp:attachment":[{"href":"https:\/\/apostolodaeucaristia.pt\/index.php\/wp-json\/wp\/v2\/media?parent=175"}],"curies":[{"name":"wp","href":"https:\/\/api.w.org\/{rel}","templated":true}]}}