{"id":21,"date":"2023-01-28T10:46:35","date_gmt":"2023-01-28T10:46:35","guid":{"rendered":"https:\/\/apostolodaeucaristia.pt\/?page_id=21"},"modified":"2024-02-06T16:31:45","modified_gmt":"2024-02-06T16:31:45","slug":"biografia","status":"publish","type":"page","link":"https:\/\/apostolodaeucaristia.pt\/index.php\/biografia\/","title":{"rendered":"Biografia"},"content":{"rendered":"<div id='full_slider_1'  class='avia-fullwidth-slider main_color avia-shadow   avia-builder-el-0  el_before_av_codeblock  avia-builder-el-first   container_wrap fullsize'  ><div  class='avia-slideshow av-lsakw2s5-2d69dc05f6aa57b5098e43ec755f0d2b avia-slideshow-featured av_slideshow_full avia-slide-slider av-slideshow-ui av-control-default av-slideshow-manual av-loop-once av-loop-manual-endless av-default-height-applied   avia-slideshow-1' data-slideshow-options=\"{&quot;animation&quot;:&quot;slide&quot;,&quot;autoplay&quot;:false,&quot;loop_autoplay&quot;:&quot;once&quot;,&quot;interval&quot;:5,&quot;loop_manual&quot;:&quot;manual-endless&quot;,&quot;autoplay_stopper&quot;:false,&quot;noNavigation&quot;:false,&quot;bg_slider&quot;:false,&quot;keep_padding&quot;:false,&quot;hoverpause&quot;:false,&quot;show_slide_delay&quot;:0}\"  itemprop=\"image\" itemscope=\"itemscope\" itemtype=\"https:\/\/schema.org\/ImageObject\" ><ul class='avia-slideshow-inner ' style='padding-bottom: 16.666666666667%;'><li  class='avia-slideshow-slide av-lsakw2s5-2d69dc05f6aa57b5098e43ec755f0d2b__0  av-single-slide slide-1 slide-odd'><div data-rel='slideshow-1' class='avia-slide-wrap '   ><img decoding=\"async\" class=\"wp-image-868 avia-img-lazy-loading-not-868\"  src=\"https:\/\/apostolodaeucaristia.pt\/wp-content\/uploads\/2024\/02\/IMG-BANNER_final6-1500x250.png\" width=\"1500\" height=\"250\" title='IMG-BANNER_final6' alt=''  itemprop=\"thumbnailUrl\"   \/><\/div><\/li><\/ul><\/div><\/div><div id='after_full_slider_1'  class='main_color av_default_container_wrap container_wrap fullsize'  ><div class='container av-section-cont-open' ><div class='template-page content  av-content-full alpha units'><div class='post-entry post-entry-type-page post-entry-21'><div class='entry-content-wrapper clearfix'>\n\n\n<style type=\"text\/css\" data-created_by=\"avia_inline_auto\" id=\"style-css-av-lox8qltv-8a1df0513ce0ae0597a9f139ecef2eeb\">\n#top .hr.hr-invisible.av-lox8qltv-8a1df0513ce0ae0597a9f139ecef2eeb{\nheight:25px;\n}\n<\/style>\n<div  class='hr av-lox8qltv-8a1df0513ce0ae0597a9f139ecef2eeb hr-invisible  avia-builder-el-2  el_after_av_codeblock  el_before_av_textblock '><span class='hr-inner '><span class=\"hr-inner-style\"><\/span><\/span><\/div>\n\n<style type=\"text\/css\" data-created_by=\"avia_inline_auto\" id=\"style-css-av-lox8rlxd-0bd50859684ad27be10c4701f6f2959f\">\n#top .av_textblock_section.av-lox8rlxd-0bd50859684ad27be10c4701f6f2959f .avia_textblock{\nfont-size:25px;\ncolor:#9b7550;\n}\n<\/style>\n<section  class='av_textblock_section av-lox8rlxd-0bd50859684ad27be10c4701f6f2959f'  itemscope=\"itemscope\" itemtype=\"https:\/\/schema.org\/CreativeWork\" ><div class='avia_textblock av_inherit_color'  itemprop=\"text\" ><p><strong>BIOGRAFIA<\/strong><\/p>\n<\/div><\/section>\n\n<style type=\"text\/css\" data-created_by=\"avia_inline_auto\" id=\"style-css-av-lnp0ghks-946741c0824210f941941040562b3221\">\n#top .av_textblock_section.av-lnp0ghks-946741c0824210f941941040562b3221 .avia_textblock{\ncolor:#563a2a;\n}\n<\/style>\n<section  class='av_textblock_section av-lnp0ghks-946741c0824210f941941040562b3221'  itemscope=\"itemscope\" itemtype=\"https:\/\/schema.org\/CreativeWork\" ><div class='avia_textblock av_inherit_color'  itemprop=\"text\" ><p><strong>Reverendo Padre AB\u00cdLIO GOMES CORREIA (1882-1967)<\/strong><\/p>\n<p>Nascido na freguesia de Santo Adri\u00e3o de Padim da Gra\u00e7a, arciprestado e diocese de Braga, no dia 9 de Fevereiro de 1882, Ab\u00edlio, assim lhe chamaram seus pais, foi batizado no dia 13, pelo Abade Joaquim Jos\u00e9 Gomes de Oliveira. Era filho de Manuel Jos\u00e9 Gomes e de Maria Gomes Correia, cujo casamento ocorreu no dia 11 de Novembro de 1877, tendo havido uma licen\u00e7a especial, dado os noivos serem parentes em 3.\u00ba grau, ele, vi\u00favo, de 37 anos de idade e ela de 19.<\/p>\n<p>Entrou para o semin\u00e1rio aos 11 anos de idade e aos 20, quando cursava o 3.\u00ba ano de Teologia, no Semin\u00e1rio Conciliar, foi iniciado o seu processo de Inquiri\u00e7\u00e3o de Genere, obrigat\u00f3rio para quem aspirava ao sacerd\u00f3cio, como era o caso, processo esse que se iniciou a 6 de Novembro de 1902 e que consiste em averiguar se o cidad\u00e3o em causa bem como seus pais e av\u00f3s eram de gera\u00e7\u00e3o limpa, de boa vida e costumes e tementes a Deus. Para al\u00e9m desses quesitos, era tamb\u00e9m necess\u00e1rio ouvir quatro cidad\u00e3os \u201cpessoas prudentes e tementes a Deus, que n\u00e3o fossem parentes nem inimigas do ordenando\u201d. Esta dilig\u00eancia de inquiri\u00e7\u00e3o, foi feita no dia 15 de Novembro de 1902, tendo como comiss\u00e1rio o reverendo Manuel Joaquim Marques Coelho, Abade da freguesia de Mire de Tib\u00e3es, que inquiriu as testemunhas e como secret\u00e1rio o Padre Ant\u00f3nio Jos\u00e9 Moreira, da freguesia de Padim da Gra\u00e7a.<\/p>\n<p>O Padre Manuel Joaquim, que serviu de comiss\u00e1rio, na sua informa\u00e7\u00e3o ao De\u00e3o da S\u00e9 Primaz diz o seguinte: \u201cO ordenando \u00e9 bem comportado, piedoso e tem dado provas de manifesta voca\u00e7\u00e3o para o estado eclesi\u00e1stico a que se destina e portanto, \u00e9 muito digno de ser admitido \u00e0 ordem a que se deseja\u201d.<br \/>\nA sua ordena\u00e7\u00e3o sacerdotal ocorreu a 24 de Setembro de 1904, pelas m\u00e3os do Arcebispo que ent\u00e3o ocupava o s\u00f3lio bracarense, o Senhor D. Manuel Baptista da Cunha.<\/p>\n<\/div><\/section>\n\n<style type=\"text\/css\" data-created_by=\"avia_inline_auto\" id=\"style-css-av-lox8svmv-dcd07f2774051a999f53f5a91c43724d\">\n.avia-image-container.av-lox8svmv-dcd07f2774051a999f53f5a91c43724d img.avia_image{\nbox-shadow:none;\n}\n.avia-image-container.av-lox8svmv-dcd07f2774051a999f53f5a91c43724d .av-image-caption-overlay-center{\ncolor:#ffffff;\n}\n<\/style>\n<div  class='avia-image-container av-lox8svmv-dcd07f2774051a999f53f5a91c43724d av-styling- avia-align-left  avia-builder-el-5  el_after_av_textblock  el_before_av_hr '   itemprop=\"image\" itemscope=\"itemscope\" itemtype=\"https:\/\/schema.org\/ImageObject\" ><div class=\"avia-image-container-inner\"><div class=\"avia-image-overlay-wrap\"><img decoding=\"async\" class='wp-image-146 avia-img-lazy-loading-not-146 avia_image ' src=\"https:\/\/apostolodaeucaristia.pt\/wp-content\/uploads\/2023\/07\/Imagem1-300x36.png\" alt='' title='Imagem1'  height=\"36\" width=\"300\"  itemprop=\"thumbnailUrl\" srcset=\"https:\/\/apostolodaeucaristia.pt\/wp-content\/uploads\/2023\/07\/Imagem1-300x36.png 300w, https:\/\/apostolodaeucaristia.pt\/wp-content\/uploads\/2023\/07\/Imagem1.png 472w\" sizes=\"(max-width: 300px) 100vw, 300px\" \/><\/div><\/div><\/div>\n\n<style type=\"text\/css\" data-created_by=\"avia_inline_auto\" id=\"style-css-av-lp1mcb08-8704c779b607b506704e093e2b97441b\">\n#top .hr.hr-invisible.av-lp1mcb08-8704c779b607b506704e093e2b97441b{\nheight:10px;\n}\n<\/style>\n<div  class='hr av-lp1mcb08-8704c779b607b506704e093e2b97441b hr-invisible  avia-builder-el-6  el_after_av_image  el_before_av_textblock '><span class='hr-inner '><span class=\"hr-inner-style\"><\/span><\/span><\/div>\n<section  class='av_textblock_section av-lox8sgfa-ed9a79771874f06ccea2a354af3f619c'  itemscope=\"itemscope\" itemtype=\"https:\/\/schema.org\/CreativeWork\" ><div class='avia_textblock'  itemprop=\"text\" ><p>Foi coadjutor do padre da sua freguesia natal at\u00e9 1907, ano em que foi colocado na freguesia de Este S. Mamede, como p\u00e1roco colado. A sua nomea\u00e7\u00e3o teve a aprova\u00e7\u00e3o do Rei D. Carlos, tal como consta no livro das merc\u00eas do dito Rei, tendo-a paroquiado praticamente durante 60 anos, at\u00e9 1967.<\/p>\n<p>Durante estes anos, teve uma breve passagem pelo Hospital de S. Marcos, onde foi Capel\u00e3o, de 1930 a 1938.<\/p>\n<p>Na freguesia que paroquiou durante tantos anos, fez v\u00e1rias obras, destacando-se de todas elas o monumento ao Cora\u00e7\u00e3o Eucar\u00edstico de Jesus, no monte Chamor bem como a monumentaliza\u00e7\u00e3o do lugar, nos seus 50 anos de perman\u00eancia na freguesia.<\/p>\n<p>Digna de men\u00e7\u00e3o e talvez a sua maior obra, \u00e9 sem d\u00favida a revista Mensageiro Eucar\u00edstico, a primeira revista eucar\u00edstica que se publicou em Portugal, que fundou em 1915, da qual foi sempre o seu redator, sendo uma das suas m\u00e1ximas: \u201c<em>Visita di\u00e1ria ao SS. Sacramento \u2013 Exige uma visita ao SS. Sacramento todos os dias, ainda que seja s\u00f3 de um minuto<\/em>\u201d. Ele estava 3 e 4 horas todas as noites em adora\u00e7\u00e3o.<\/p>\n<p>Faleceu com ares de santidade, pelo menos para o povo da freguesia, no Hospital de S. Marcos, no dia 29 de Junho de 1967, talvez o p\u00e1roco mais marcante que paroquiou Este S. Mamede, e qui\u00e7\u00e1 o cidad\u00e3o mais brilhante nascido na par\u00f3quia de Santo Adri\u00e3o de Padim da Gra\u00e7a.<\/p>\n<p>Os restos mortais daquele que foi considerado o Santo Cura D\u2019Ars portugu\u00eas, repousam no cemit\u00e9rio da freguesia que amou e paroquiou durante 60 anos, num jazigo de m\u00e1rmore encimado pela est\u00e1tua de S. Pio X, de que era extremamente devoto.<\/p>\n<\/div><\/section>\n","protected":false},"excerpt":{"rendered":"","protected":false},"author":1,"featured_media":0,"parent":0,"menu_order":2,"comment_status":"closed","ping_status":"closed","template":"","meta":{"_monsterinsights_skip_tracking":false,"_monsterinsights_sitenote_active":false,"_monsterinsights_sitenote_note":"","_monsterinsights_sitenote_category":0,"footnotes":""},"aioseo_notices":[],"_links":{"self":[{"href":"https:\/\/apostolodaeucaristia.pt\/index.php\/wp-json\/wp\/v2\/pages\/21"}],"collection":[{"href":"https:\/\/apostolodaeucaristia.pt\/index.php\/wp-json\/wp\/v2\/pages"}],"about":[{"href":"https:\/\/apostolodaeucaristia.pt\/index.php\/wp-json\/wp\/v2\/types\/page"}],"author":[{"embeddable":true,"href":"https:\/\/apostolodaeucaristia.pt\/index.php\/wp-json\/wp\/v2\/users\/1"}],"replies":[{"embeddable":true,"href":"https:\/\/apostolodaeucaristia.pt\/index.php\/wp-json\/wp\/v2\/comments?post=21"}],"version-history":[{"count":38,"href":"https:\/\/apostolodaeucaristia.pt\/index.php\/wp-json\/wp\/v2\/pages\/21\/revisions"}],"predecessor-version":[{"id":870,"href":"https:\/\/apostolodaeucaristia.pt\/index.php\/wp-json\/wp\/v2\/pages\/21\/revisions\/870"}],"wp:attachment":[{"href":"https:\/\/apostolodaeucaristia.pt\/index.php\/wp-json\/wp\/v2\/media?parent=21"}],"curies":[{"name":"wp","href":"https:\/\/api.w.org\/{rel}","templated":true}]}}