{"id":23,"date":"2023-01-28T10:46:36","date_gmt":"2023-01-28T10:46:36","guid":{"rendered":"https:\/\/apostolodaeucaristia.pt\/?page_id=23"},"modified":"2024-09-30T22:21:36","modified_gmt":"2024-09-30T22:21:36","slug":"mensageiro","status":"publish","type":"page","link":"https:\/\/apostolodaeucaristia.pt\/index.php\/mensageiro\/","title":{"rendered":"Mensageiro"},"content":{"rendered":"<div id='full_slider_1'  class='avia-fullwidth-slider main_color avia-shadow   avia-builder-el-0  el_before_av_codeblock  avia-builder-el-first   container_wrap fullsize'  ><div  class='avia-slideshow av-lsakzifg-964502fe099dce300a29214085a0c134 avia-slideshow-featured av_slideshow_full avia-slide-slider av-slideshow-ui av-control-default av-slideshow-manual av-loop-once av-loop-manual-endless av-default-height-applied   avia-slideshow-1' data-slideshow-options=\"{&quot;animation&quot;:&quot;slide&quot;,&quot;autoplay&quot;:false,&quot;loop_autoplay&quot;:&quot;once&quot;,&quot;interval&quot;:5,&quot;loop_manual&quot;:&quot;manual-endless&quot;,&quot;autoplay_stopper&quot;:false,&quot;noNavigation&quot;:false,&quot;bg_slider&quot;:false,&quot;keep_padding&quot;:false,&quot;hoverpause&quot;:false,&quot;show_slide_delay&quot;:0}\"  itemprop=\"image\" itemscope=\"itemscope\" itemtype=\"https:\/\/schema.org\/ImageObject\" ><ul class='avia-slideshow-inner ' style='padding-bottom: 16.666666666667%;'><li  class='avia-slideshow-slide av-lsakzifg-964502fe099dce300a29214085a0c134__0  av-single-slide slide-1 slide-odd'><div data-rel='slideshow-1' class='avia-slide-wrap '   ><img decoding=\"async\" class=\"wp-image-871 avia-img-lazy-loading-not-871\"  src=\"https:\/\/apostolodaeucaristia.pt\/wp-content\/uploads\/2024\/02\/IMG-BANNER_fina6-1500x250.png\" width=\"1500\" height=\"250\" title='IMG-BANNER_fina6' alt=''  itemprop=\"thumbnailUrl\"   \/><\/div><\/li><\/ul><\/div><\/div><div id='after_full_slider_1'  class='main_color av_default_container_wrap container_wrap fullsize'  ><div class='container av-section-cont-open' ><div class='template-page content  av-content-full alpha units'><div class='post-entry post-entry-type-page post-entry-23'><div class='entry-content-wrapper clearfix'>\n\n\n<style type=\"text\/css\" data-created_by=\"avia_inline_auto\" id=\"style-css-av-loxba4sb-fe9291f4b5659701a18b4982f9c51061\">\n#top .hr.hr-invisible.av-loxba4sb-fe9291f4b5659701a18b4982f9c51061{\nheight:25px;\n}\n<\/style>\n<div  class='hr av-loxba4sb-fe9291f4b5659701a18b4982f9c51061 hr-invisible  avia-builder-el-2  el_after_av_codeblock  el_before_av_textblock '><span class='hr-inner '><span class=\"hr-inner-style\"><\/span><\/span><\/div>\n\n<style type=\"text\/css\" data-created_by=\"avia_inline_auto\" id=\"style-css-av-loxbb44l-196ca0d18d9717974c891668876e8d93\">\n#top .av_textblock_section.av-loxbb44l-196ca0d18d9717974c891668876e8d93 .avia_textblock{\nfont-size:25px;\ncolor:#9b7550;\n}\n<\/style>\n<section  class='av_textblock_section av-loxbb44l-196ca0d18d9717974c891668876e8d93'  itemscope=\"itemscope\" itemtype=\"https:\/\/schema.org\/CreativeWork\" ><div class='avia_textblock av_inherit_color'  itemprop=\"text\" ><p>MENSAGEIRO<\/p>\n<div id=\"gtx-trans\" style=\"position: absolute; left: 15px; top: 35.5938px;\">\n<div class=\"gtx-trans-icon\"><\/div>\n<\/div>\n<\/div><\/section>\n<section  class='av_textblock_section av-loxb9v1m-9b3ffb7b89ab645f32c200b2a76791a2'  itemscope=\"itemscope\" itemtype=\"https:\/\/schema.org\/CreativeWork\" ><div class='avia_textblock'  itemprop=\"text\" ><p>O Mensageiro foi a \u00fanica revista eucar\u00edstica publicada em Portugal durante mais de 50 anos. O padre Ab\u00edlio Gomes Correia foi o autor, redator e administrador da revista.<\/p>\n<p>A publica\u00e7\u00e3o do Mensageiro aconteceu numa \u00e9poca verdadeiramente tortuosa para o pa\u00eds. O padre Ab\u00edlio come\u00e7ou a divulgar a antiga tradi\u00e7\u00e3o portuguesa da Adora\u00e7\u00e3o ao Sant\u00edssimo Sacramento atrav\u00e9s da publica\u00e7\u00e3o do Mensageiro (1914). Em poucos anos atingiu mais de 3.000 assinantes de todo o mundo, sendo a publica\u00e7\u00e3o recomendada por todos os bispos portugueses.<\/p>\n<p>No Mensageiro, algumas par\u00f3quias conseguem encontrar a sua hist\u00f3ria do s\u00e9culo XX, atrav\u00e9s das cr\u00f3nicas que os seus respons\u00e1veis enviavam para serem publicadas na revista.<\/p>\n<div id=\"gtx-trans\" style=\"position: absolute; left: -31px; top: -12.4062px;\">\n<div class=\"gtx-trans-icon\"><\/div>\n<\/div>\n<\/div><\/section>\n<div  class='togglecontainer av-m1pkn9t7-2c47fbb3da464bd3ad491c8e271ab6b9 av-minimal-toggle  avia-builder-el-5  el_after_av_textblock  avia-builder-el-last ' >\n<section class='av_toggle_section av-av_toggle-bc7c34d57ab6baed79371e60aaa5274b'  itemscope=\"itemscope\" itemtype=\"https:\/\/schema.org\/CreativeWork\" ><div role=\"tablist\" class=\"single_toggle\" data-tags=\"{All} \"  ><p data-fake-id='#toggle-id-1' class='toggler   '  itemprop=\"headline\"  role='tab' tabindex='0' aria-controls='toggle-id-1'>D\u00c9CADA de 1910<span class=\"toggle_icon\"><span class=\"vert_icon\"><\/span><span class=\"hor_icon\"><\/span><\/span><\/p><div id='toggle-id-1' class='toggle_wrap  '  ><div class='toggle_content invers-color '  itemprop=\"text\" ><ul>\n<li><strong>1915<\/strong><\/li>\n<\/ul>\n<p><a href=\"https:\/\/apostolodaeucaristia.pt\/wp-content\/uploads\/2024\/09\/01_Janeiro_1915.pdf\" target=\"_blank\" rel=\"noopener\">janeiro<\/a>\u00a0\u00a0\u00a0 \u00a0<a href=\"https:\/\/apostolodaeucaristia.pt\/wp-content\/uploads\/2024\/09\/02_Fevereiro_1915.pdf\">fevereiro<\/a>\u00a0\u00a0\u00a0\u00a0<a href=\"https:\/\/apostolodaeucaristia.pt\/wp-content\/uploads\/2024\/09\/03_Marco_1915.pdf\">mar\u00e7o<\/a>\u00a0\u00a0\u00a0\u00a0<a href=\"https:\/\/apostolodaeucaristia.pt\/wp-content\/uploads\/2024\/09\/04_Abril_1915.pdf\">abril\u00a0<\/a>\u00a0 \u00a0 <a href=\"https:\/\/apostolodaeucaristia.pt\/wp-content\/uploads\/2024\/09\/05_Maio_1915.pdf\">maio<\/a>\u00a0 \u00a0 <a href=\"https:\/\/apostolodaeucaristia.pt\/wp-content\/uploads\/2024\/09\/06_Junho_1915.pdf\">junho<\/a>\u00a0\u00a0\u00a0\u00a0\u00a0<a href=\"https:\/\/apostolodaeucaristia.pt\/wp-content\/uploads\/2024\/09\/07_Julho_1915.pdf\">julho<\/a> \u00a0\u00a0\u00a0<a href=\"https:\/\/apostolodaeucaristia.pt\/wp-content\/uploads\/2024\/09\/08_Agosto_1915.pdf\">agosto<\/a>\u00a0 \u00a0 <a href=\"https:\/\/apostolodaeucaristia.pt\/wp-content\/uploads\/2024\/09\/09_Setembro_1915.pdf\">setembro<\/a>\u00a0 \u00a0 <a href=\"https:\/\/apostolodaeucaristia.pt\/wp-content\/uploads\/2024\/09\/10_Outubro_1915.pdf\">outubro<\/a> \u00a0\u00a0\u00a0 <a href=\"https:\/\/apostolodaeucaristia.pt\/wp-content\/uploads\/2024\/09\/11_Novembro_1915.pdf\">novembro<\/a> \u00a0\u00a0\u00a0\u00a0<a href=\"https:\/\/apostolodaeucaristia.pt\/wp-content\/uploads\/2024\/09\/12_Dezembro_1915.pdf\">dezembro<\/a><\/p>\n<ul>\n<li><strong>1916<\/strong><\/li>\n<\/ul>\n<p><a href=\"https:\/\/apostolodaeucaristia.pt\/wp-content\/uploads\/2024\/09\/01_Janeiro_1916.pdf\" target=\"_blank\" rel=\"noopener\">janeiro<\/a> \u00a0\u00a0\u00a0<a href=\"https:\/\/apostolodaeucaristia.pt\/wp-content\/uploads\/2024\/09\/02_Fevereiro_1916.pdf\">fevereiro<\/a> \u00a0\u00a0\u00a0\u00a0<a href=\"https:\/\/apostolodaeucaristia.pt\/wp-content\/uploads\/2024\/09\/03_Marco_1916.pdf\">mar\u00e7o<\/a> \u00a0\u00a0\u00a0\u00a0<a href=\"https:\/\/apostolodaeucaristia.pt\/wp-content\/uploads\/2024\/09\/04_Abril_1916.pdf\">abril<\/a>\u00a0 \u00a0 <a href=\"https:\/\/apostolodaeucaristia.pt\/wp-content\/uploads\/2024\/09\/05_Maio-1916.pdf\">maio<\/a>\u00a0 \u00a0 <a href=\"https:\/\/apostolodaeucaristia.pt\/wp-content\/uploads\/2024\/09\/06_Junho_1916.pdf\">junho<\/a>\u00a0\u00a0\u00a0\u00a0\u00a0<a href=\"https:\/\/apostolodaeucaristia.pt\/wp-content\/uploads\/2024\/09\/07_Julho_1916.pdf\">julho<\/a>\u00a0 \u00a0 <a href=\"https:\/\/apostolodaeucaristia.pt\/wp-content\/uploads\/2024\/09\/08_Agosto_1916.pdf\">agosto<\/a> \u00a0\u00a0\u00a0\u00a0<a href=\"https:\/\/apostolodaeucaristia.pt\/wp-content\/uploads\/2024\/09\/09_Setembro_1916.pdf\">setembro<\/a>\u00a0 \u00a0 <a href=\"https:\/\/apostolodaeucaristia.pt\/wp-content\/uploads\/2024\/09\/10_Outubro_1916.pdf\">outubro<\/a> \u00a0\u00a0\u00a0\u00a0<a href=\"https:\/\/apostolodaeucaristia.pt\/wp-content\/uploads\/2024\/09\/11_Novembro_1916.pdf\">novembro<\/a> \u00a0\u00a0\u00a0\u00a0\u00a0<a href=\"https:\/\/apostolodaeucaristia.pt\/wp-content\/uploads\/2024\/09\/12_Dezembro_1916.pdf\">dezembro<\/a><\/p>\n<ul>\n<li><strong>1917<\/strong><\/li>\n<\/ul>\n<p><a href=\"https:\/\/apostolodaeucaristia.pt\/wp-content\/uploads\/2024\/09\/01_Janeiro_1917.pdf\" target=\"_blank\" rel=\"noopener\">janeiro<\/a>\u00a0 \u00a0 <a href=\"https:\/\/apostolodaeucaristia.pt\/wp-content\/uploads\/2024\/09\/02_Fevereiro_1917.pdf\">fevereiro<\/a> \u00a0\u00a0\u00a0\u00a0<a href=\"https:\/\/apostolodaeucaristia.pt\/wp-content\/uploads\/2024\/09\/03_Marco_1917.pdf\">mar\u00e7o<\/a> \u00a0\u00a0\u00a0\u00a0<a href=\"https:\/\/apostolodaeucaristia.pt\/wp-content\/uploads\/2024\/09\/04_Abril_1917.pdf\">abril<\/a>\u00a0 \u00a0 <a href=\"https:\/\/apostolodaeucaristia.pt\/wp-content\/uploads\/2024\/09\/05_Maio_1917.pdf\">maio<\/a>\u00a0 \u00a0 <a href=\"https:\/\/apostolodaeucaristia.pt\/wp-content\/uploads\/2024\/09\/06_Junho_1917.pdf\">junho<\/a>\u00a0 \u00a0 <a href=\"https:\/\/apostolodaeucaristia.pt\/wp-content\/uploads\/2024\/09\/07_Julho_1917.pdf\">julho<\/a> \u00a0\u00a0\u00a0agosto\u00a0 \u00a0 setembro\u00a0 \u00a0outubro\u00a0 \u00a0novembro\u00a0 \u00a0 dezembro<\/p>\n<ul>\n<li><strong>1918<br \/>\n<\/strong><\/li>\n<\/ul>\n<p>janeiro\u00a0 \u00a0fevereiro\u00a0 \u00a0 \u00a0 mar\u00e7o\u00a0 \u00a0 \u00a0abril\u00a0 \u00a0 maio\u00a0 \u00a0junho\u00a0 \u00a0 \u00a0julho\u00a0 \u00a0 agosto\u00a0 \u00a0setembro\u00a0 \u00a0outubro\u00a0 \u00a0 novembro\u00a0 \u00a0 dezembro<\/p>\n<ul>\n<li><strong>1919<\/strong><\/li>\n<\/ul>\n<p>janeiro\u00a0 \u00a0fevereiro\u00a0 \u00a0 \u00a0 mar\u00e7o\u00a0 \u00a0 \u00a0abril\u00a0 \u00a0 maio\u00a0 \u00a0junho\u00a0 \u00a0 \u00a0julho\u00a0 \u00a0 agosto\u00a0 \u00a0setembro\u00a0 \u00a0outubro\u00a0 \u00a0 novembro\u00a0 \u00a0 dezembro<\/p>\n<\/div><\/div><\/div><\/section>\n<section class='av_toggle_section av-av_toggle-d47513564519e65a2cfcedb8bb9ab9c6'  itemscope=\"itemscope\" itemtype=\"https:\/\/schema.org\/CreativeWork\" ><div role=\"tablist\" class=\"single_toggle\" data-tags=\"{All} \"  ><p data-fake-id='#toggle-id-2' class='toggler   '  itemprop=\"headline\"  role='tab' tabindex='0' aria-controls='toggle-id-2'>D\u00c9CADA de 1920<span class=\"toggle_icon\"><span class=\"vert_icon\"><\/span><span class=\"hor_icon\"><\/span><\/span><\/p><div id='toggle-id-2' class='toggle_wrap  '  ><div class='toggle_content invers-color '  itemprop=\"text\" ><ul>\n<li>1920<\/li>\n<\/ul>\n<p>janeiro\u00a0 \u00a0fevereiro\u00a0 \u00a0 \u00a0 mar\u00e7o\u00a0 \u00a0 \u00a0abril\u00a0 \u00a0 maio\u00a0 \u00a0junho\u00a0 \u00a0 \u00a0julho\u00a0 \u00a0 agosto\u00a0 \u00a0setembro\u00a0 \u00a0outubro\u00a0 \u00a0 novembro\u00a0 \u00a0 dezembro<\/p>\n<ul>\n<li>1921<\/li>\n<\/ul>\n<p>janeiro\u00a0 \u00a0fevereiro\u00a0 \u00a0 \u00a0 mar\u00e7o\u00a0 \u00a0 \u00a0abril\u00a0 \u00a0 maio\u00a0 \u00a0junho\u00a0 \u00a0 \u00a0julho\u00a0 \u00a0 agosto\u00a0 \u00a0setembro\u00a0 \u00a0outubro\u00a0 \u00a0 novembro\u00a0 \u00a0 dezembro<\/p>\n<ul>\n<li>1922<\/li>\n<\/ul>\n<p>janeiro\u00a0 \u00a0fevereiro\u00a0 \u00a0 \u00a0 mar\u00e7o\u00a0 \u00a0 \u00a0abril\u00a0 \u00a0 maio\u00a0 \u00a0junho\u00a0 \u00a0 \u00a0julho\u00a0 \u00a0 agosto\u00a0 \u00a0setembro\u00a0 \u00a0outubro\u00a0 \u00a0 novembro\u00a0 \u00a0 dezembro<\/p>\n<ul>\n<li>1923<\/li>\n<\/ul>\n<p>janeiro\u00a0 \u00a0fevereiro\u00a0 \u00a0 \u00a0 mar\u00e7o\u00a0 \u00a0 \u00a0abril\u00a0 \u00a0 maio\u00a0 \u00a0junho\u00a0 \u00a0 \u00a0julho\u00a0 \u00a0 agosto\u00a0 \u00a0setembro\u00a0 \u00a0outubro\u00a0 \u00a0 novembro\u00a0 \u00a0 dezembro<\/p>\n<ul>\n<li>1924<\/li>\n<\/ul>\n<p>janeiro\u00a0 \u00a0fevereiro\u00a0 \u00a0 \u00a0 mar\u00e7o\u00a0 \u00a0 \u00a0abril\u00a0 \u00a0 maio\u00a0 \u00a0junho\u00a0 \u00a0 \u00a0julho\u00a0 \u00a0 agosto\u00a0 \u00a0setembro\u00a0 \u00a0outubro\u00a0 \u00a0 novembro\u00a0 \u00a0 dezembro<\/p>\n<ul>\n<li>1925<\/li>\n<\/ul>\n<p>janeiro\u00a0 \u00a0fevereiro\u00a0 \u00a0 \u00a0 mar\u00e7o\u00a0 \u00a0 \u00a0abril\u00a0 \u00a0 maio\u00a0 \u00a0junho\u00a0 \u00a0 \u00a0julho\u00a0 \u00a0 agosto\u00a0 \u00a0setembro\u00a0 \u00a0outubro\u00a0 \u00a0 novembro\u00a0 \u00a0 dezembro<\/p>\n<ul>\n<li>1926<\/li>\n<\/ul>\n<p>janeiro\u00a0 \u00a0fevereiro\u00a0 \u00a0 \u00a0 mar\u00e7o\u00a0 \u00a0 \u00a0abril\u00a0 \u00a0 maio\u00a0 \u00a0junho\u00a0 \u00a0 \u00a0julho\u00a0 \u00a0 agosto\u00a0 \u00a0setembro\u00a0 \u00a0outubro\u00a0 \u00a0 novembro\u00a0 \u00a0 dezembro<\/p>\n<ul>\n<li>1927<\/li>\n<\/ul>\n<p>janeiro\u00a0 \u00a0fevereiro\u00a0 \u00a0 \u00a0 mar\u00e7o\u00a0 \u00a0 \u00a0abril\u00a0 \u00a0 maio\u00a0 \u00a0junho\u00a0 \u00a0 \u00a0julho\u00a0 \u00a0 agosto\u00a0 \u00a0setembro\u00a0 \u00a0outubro\u00a0 \u00a0 novembro\u00a0 \u00a0 dezembro<\/p>\n<ul>\n<li>1928<\/li>\n<\/ul>\n<p>janeiro\u00a0 \u00a0fevereiro\u00a0 \u00a0 \u00a0 mar\u00e7o\u00a0 \u00a0 \u00a0abril\u00a0 \u00a0 maio\u00a0 \u00a0junho\u00a0 \u00a0 \u00a0julho\u00a0 \u00a0 agosto\u00a0 \u00a0setembro\u00a0 \u00a0outubro\u00a0 \u00a0 novembro\u00a0 \u00a0 dezembro<\/p>\n<ul>\n<li>1929<\/li>\n<\/ul>\n<p>janeiro\u00a0 \u00a0fevereiro\u00a0 \u00a0 \u00a0 mar\u00e7o\u00a0 \u00a0 \u00a0abril\u00a0 \u00a0 maio\u00a0 \u00a0junho\u00a0 \u00a0 \u00a0julho\u00a0 \u00a0 agosto\u00a0 \u00a0setembro\u00a0 \u00a0outubro\u00a0 \u00a0 novembro\u00a0 \u00a0 dezembro<\/p>\n<\/div><\/div><\/div><\/section>\n<section class='av_toggle_section av-av_toggle-d56a4f1393b25a6c249e34f6540f70e0'  itemscope=\"itemscope\" itemtype=\"https:\/\/schema.org\/CreativeWork\" ><div role=\"tablist\" class=\"single_toggle\" data-tags=\"{All} \"  ><p data-fake-id='#toggle-id-3' class='toggler   '  itemprop=\"headline\"  role='tab' tabindex='0' aria-controls='toggle-id-3'>D\u00c9CADA de 1930<span class=\"toggle_icon\"><span class=\"vert_icon\"><\/span><span class=\"hor_icon\"><\/span><\/span><\/p><div id='toggle-id-3' class='toggle_wrap  '  ><div class='toggle_content invers-color '  itemprop=\"text\" ><ul>\n<li>1930<\/li>\n<\/ul>\n<p>janeiro\u00a0 \u00a0fevereiro\u00a0 \u00a0 \u00a0 mar\u00e7o\u00a0 \u00a0 \u00a0abril\u00a0 \u00a0maio\u00a0 \u00a0junho\u00a0\u00a0julho\u00a0\u00a0agosto\u00a0 \u00a0setembro\u00a0 \u00a0outubro\u00a0 \u00a0novembro\u00a0 \u00a0dezembro<\/p>\n<ul>\n<li>1931<\/li>\n<\/ul>\n<p>janeiro\u00a0 \u00a0fevereiro\u00a0 \u00a0 \u00a0 mar\u00e7o\u00a0 \u00a0 \u00a0abril\u00a0 \u00a0maio\u00a0 \u00a0junho\u00a0\u00a0julho\u00a0\u00a0agosto\u00a0 \u00a0setembro\u00a0 \u00a0outubro\u00a0 \u00a0novembro\u00a0 \u00a0dezembro<\/p>\n<ul>\n<li>1932<\/li>\n<\/ul>\n<p>janeiro\u00a0 \u00a0fevereiro\u00a0 \u00a0 \u00a0 mar\u00e7o\u00a0 \u00a0 \u00a0abril\u00a0 \u00a0maio\u00a0 \u00a0junho\u00a0\u00a0julho\u00a0\u00a0agosto\u00a0 \u00a0setembro\u00a0 \u00a0outubro\u00a0 \u00a0novembro\u00a0 \u00a0dezembro<\/p>\n<ul>\n<li>1933<\/li>\n<\/ul>\n<p>janeiro\u00a0 \u00a0fevereiro\u00a0 \u00a0 \u00a0 mar\u00e7o\u00a0 \u00a0 \u00a0abril\u00a0 \u00a0maio\u00a0 \u00a0junho\u00a0\u00a0julho\u00a0\u00a0agosto\u00a0 \u00a0setembro\u00a0 \u00a0outubro\u00a0 \u00a0novembro\u00a0 \u00a0dezembro<\/p>\n<ul>\n<li>1935<\/li>\n<\/ul>\n<p>janeiro\u00a0 \u00a0fevereiro\u00a0 \u00a0 \u00a0 mar\u00e7o\u00a0 \u00a0 \u00a0abril\u00a0 \u00a0maio\u00a0 \u00a0junho\u00a0\u00a0julho\u00a0\u00a0agosto\u00a0 \u00a0setembro\u00a0 \u00a0outubro\u00a0 \u00a0novembro\u00a0 \u00a0dezembro<\/p>\n<ul>\n<li>1936<\/li>\n<\/ul>\n<p>janeiro\u00a0 \u00a0fevereiro\u00a0 \u00a0 \u00a0 mar\u00e7o\u00a0 \u00a0 \u00a0abril\u00a0 \u00a0maio\u00a0 \u00a0junho\u00a0\u00a0julho\u00a0\u00a0agosto\u00a0 \u00a0setembro\u00a0 \u00a0outubro\u00a0 \u00a0novembro\u00a0 \u00a0dezembro<\/p>\n<ul>\n<li>1937<\/li>\n<\/ul>\n<p>janeiro\u00a0 \u00a0fevereiro\u00a0 \u00a0 \u00a0 mar\u00e7o\u00a0 \u00a0 \u00a0abril\u00a0 \u00a0maio\u00a0 \u00a0junho\u00a0\u00a0julho\u00a0\u00a0agosto\u00a0 \u00a0setembro\u00a0 \u00a0outubro\u00a0 \u00a0novembro\u00a0 \u00a0dezembro<\/p>\n<ul>\n<li>1938<\/li>\n<\/ul>\n<p>janeiro\u00a0 \u00a0fevereiro\u00a0 \u00a0 \u00a0 mar\u00e7o\u00a0 \u00a0 \u00a0abril\u00a0 \u00a0maio\u00a0 \u00a0junho\u00a0\u00a0julho\u00a0\u00a0agosto\u00a0 \u00a0setembro\u00a0 \u00a0outubro\u00a0 \u00a0novembro\u00a0 \u00a0dezembro<\/p>\n<ul>\n<li>1939<\/li>\n<\/ul>\n<p>janeiro\u00a0 \u00a0fevereiro\u00a0 \u00a0 \u00a0 mar\u00e7o\u00a0 \u00a0 \u00a0abril\u00a0 \u00a0maio\u00a0 \u00a0junho\u00a0\u00a0julho\u00a0\u00a0agosto\u00a0 \u00a0setembro\u00a0 \u00a0outubro\u00a0 \u00a0novembro\u00a0 \u00a0dezembro<\/p>\n<\/div><\/div><\/div><\/section>\n<section class='av_toggle_section av-m1pkn95j-9501c9ec632067ff0b3a349081f1b563'  itemscope=\"itemscope\" itemtype=\"https:\/\/schema.org\/CreativeWork\" ><div role=\"tablist\" class=\"single_toggle\" data-tags=\"{All} \"  ><p data-fake-id='#toggle-id-4' class='toggler   '  itemprop=\"headline\"  role='tab' tabindex='0' aria-controls='toggle-id-4'>D\u00c9CADA de 1940<span class=\"toggle_icon\"><span class=\"vert_icon\"><\/span><span class=\"hor_icon\"><\/span><\/span><\/p><div id='toggle-id-4' class='toggle_wrap  '  ><div class='toggle_content invers-color '  itemprop=\"text\" ><ul>\n<li><strong>1940<\/strong><\/li>\n<\/ul>\n<p>janeiro\u00a0\u00a0\u00a0 \u00a0fevereiro\u00a0\u00a0\u00a0\u00a0mar\u00e7o\u00a0\u00a0\u00a0\u00a0abril\u00a0\u00a0 \u00a0 maio\u00a0 \u00a0 junho\u00a0\u00a0\u00a0\u00a0\u00a0julho \u00a0\u00a0\u00a0agosto\u00a0 \u00a0 setembro\u00a0 \u00a0 outubro \u00a0\u00a0\u00a0 novembro \u00a0\u00a0\u00a0\u00a0dezembro<\/p>\n<ul>\n<li><strong>1941<\/strong><\/li>\n<\/ul>\n<p>janeiro \u00a0\u00a0\u00a0fevereiro \u00a0\u00a0\u00a0\u00a0mar\u00e7o \u00a0\u00a0\u00a0\u00a0abril\u00a0 \u00a0 maio\u00a0 \u00a0 junho\u00a0\u00a0\u00a0\u00a0\u00a0julho\u00a0 \u00a0 agosto \u00a0\u00a0\u00a0\u00a0setembro\u00a0 \u00a0 outubro \u00a0\u00a0\u00a0\u00a0novembro \u00a0\u00a0\u00a0\u00a0\u00a0dezembro<\/p>\n<ul>\n<li><strong>1942<\/strong><\/li>\n<\/ul>\n<p>janeiro\u00a0 \u00a0 fevereiro \u00a0\u00a0\u00a0\u00a0mar\u00e7o \u00a0\u00a0\u00a0\u00a0abril\u00a0 \u00a0 maio\u00a0 \u00a0 junho\u00a0 \u00a0 julho \u00a0\u00a0\u00a0agosto\u00a0 \u00a0 setembro\u00a0 \u00a0outubro\u00a0 \u00a0novembro\u00a0 \u00a0 dezembro<\/p>\n<ul>\n<li><strong>1943<br \/>\n<\/strong><\/li>\n<\/ul>\n<p>janeiro\u00a0 \u00a0fevereiro\u00a0 \u00a0 \u00a0 mar\u00e7o\u00a0 \u00a0 \u00a0abril\u00a0 \u00a0 maio\u00a0 \u00a0junho\u00a0 \u00a0 \u00a0julho\u00a0 \u00a0 agosto\u00a0 \u00a0setembro\u00a0 \u00a0outubro\u00a0 \u00a0 novembro\u00a0 \u00a0 dezembro<\/p>\n<ul>\n<li><strong>1944<\/strong><\/li>\n<\/ul>\n<p>janeiro\u00a0 \u00a0fevereiro\u00a0 \u00a0 \u00a0 mar\u00e7o\u00a0 \u00a0 \u00a0abril\u00a0 \u00a0 maio\u00a0 \u00a0junho\u00a0 \u00a0 \u00a0julho\u00a0 \u00a0 agosto\u00a0 \u00a0setembro\u00a0 \u00a0outubro\u00a0 \u00a0 novembro\u00a0 \u00a0 dezembro<\/p>\n<\/div><\/div><\/div><\/section>\n<\/div>\n","protected":false},"excerpt":{"rendered":"","protected":false},"author":1,"featured_media":0,"parent":0,"menu_order":4,"comment_status":"closed","ping_status":"closed","template":"","meta":{"_monsterinsights_skip_tracking":false,"_monsterinsights_sitenote_active":false,"_monsterinsights_sitenote_note":"","_monsterinsights_sitenote_category":0,"footnotes":""},"aioseo_notices":[],"_links":{"self":[{"href":"https:\/\/apostolodaeucaristia.pt\/index.php\/wp-json\/wp\/v2\/pages\/23"}],"collection":[{"href":"https:\/\/apostolodaeucaristia.pt\/index.php\/wp-json\/wp\/v2\/pages"}],"about":[{"href":"https:\/\/apostolodaeucaristia.pt\/index.php\/wp-json\/wp\/v2\/types\/page"}],"author":[{"embeddable":true,"href":"https:\/\/apostolodaeucaristia.pt\/index.php\/wp-json\/wp\/v2\/users\/1"}],"replies":[{"embeddable":true,"href":"https:\/\/apostolodaeucaristia.pt\/index.php\/wp-json\/wp\/v2\/comments?post=23"}],"version-history":[{"count":67,"href":"https:\/\/apostolodaeucaristia.pt\/index.php\/wp-json\/wp\/v2\/pages\/23\/revisions"}],"predecessor-version":[{"id":1044,"href":"https:\/\/apostolodaeucaristia.pt\/index.php\/wp-json\/wp\/v2\/pages\/23\/revisions\/1044"}],"wp:attachment":[{"href":"https:\/\/apostolodaeucaristia.pt\/index.php\/wp-json\/wp\/v2\/media?parent=23"}],"curies":[{"name":"wp","href":"https:\/\/api.w.org\/{rel}","templated":true}]}}