{"id":254,"date":"2023-09-23T16:25:14","date_gmt":"2023-09-23T16:25:14","guid":{"rendered":"https:\/\/apostolodaeucaristia.pt\/?page_id=254"},"modified":"2024-02-06T16:03:33","modified_gmt":"2024-02-06T16:03:33","slug":"noticias","status":"publish","type":"page","link":"https:\/\/apostolodaeucaristia.pt\/index.php\/noticias\/","title":{"rendered":"Not\u00edcias"},"content":{"rendered":"<div id='full_slider_1'  class='avia-fullwidth-slider main_color avia-shadow   avia-builder-el-0  el_before_av_codeblock  avia-builder-el-first   container_wrap fullsize'  ><div  class='avia-slideshow av-lsajvsfi-6608420195c31e35aa679977c70c9af6 avia-slideshow-featured av_slideshow_full avia-slide-slider av-slideshow-ui av-control-default av-slideshow-manual av-loop-once av-loop-manual-endless av-default-height-applied   avia-slideshow-1' data-slideshow-options=\"{&quot;animation&quot;:&quot;slide&quot;,&quot;autoplay&quot;:false,&quot;loop_autoplay&quot;:&quot;once&quot;,&quot;interval&quot;:5,&quot;loop_manual&quot;:&quot;manual-endless&quot;,&quot;autoplay_stopper&quot;:false,&quot;noNavigation&quot;:false,&quot;bg_slider&quot;:false,&quot;keep_padding&quot;:false,&quot;hoverpause&quot;:false,&quot;show_slide_delay&quot;:0}\"  itemprop=\"image\" itemscope=\"itemscope\" itemtype=\"https:\/\/schema.org\/ImageObject\" ><ul class='avia-slideshow-inner ' style='padding-bottom: 16.666666666667%;'><li  class='avia-slideshow-slide av-lsajvsfi-6608420195c31e35aa679977c70c9af6__0  av-single-slide slide-1 slide-odd'><div data-rel='slideshow-1' class='avia-slide-wrap '   ><img decoding=\"async\" class=\"wp-image-862 avia-img-lazy-loading-not-862\"  src=\"https:\/\/apostolodaeucaristia.pt\/wp-content\/uploads\/2024\/02\/IMG-BANNER_final4-1500x250.png\" width=\"1500\" height=\"250\" title='IMG-BANNER_final4' alt=''  itemprop=\"thumbnailUrl\"   \/><\/div><\/li><\/ul><\/div><\/div><div id='after_full_slider_1'  class='main_color av_default_container_wrap container_wrap fullsize'  ><div class='container av-section-cont-open' ><div class='template-page content  av-content-full alpha units'><div class='post-entry post-entry-type-page post-entry-254'><div class='entry-content-wrapper clearfix'>\n\n\n<style type=\"text\/css\" data-created_by=\"avia_inline_auto\" id=\"style-css-av-loxadfcy-9ce71dbfca6ab53e2497e1e30d689d92\">\n#top .hr.hr-invisible.av-loxadfcy-9ce71dbfca6ab53e2497e1e30d689d92{\nheight:25px;\n}\n<\/style>\n<div  class='hr av-loxadfcy-9ce71dbfca6ab53e2497e1e30d689d92 hr-invisible  avia-builder-el-2  el_after_av_codeblock  el_before_av_textblock '><span class='hr-inner '><span class=\"hr-inner-style\"><\/span><\/span><\/div>\n\n<style type=\"text\/css\" data-created_by=\"avia_inline_auto\" id=\"style-css-av-loxae474-00f13a190632c1af7f6e963153835fc6\">\n#top .av_textblock_section.av-loxae474-00f13a190632c1af7f6e963153835fc6 .avia_textblock{\nfont-size:25px;\ncolor:#9b7550;\n}\n<\/style>\n<section  class='av_textblock_section av-loxae474-00f13a190632c1af7f6e963153835fc6'  itemscope=\"itemscope\" itemtype=\"https:\/\/schema.org\/CreativeWork\" ><div class='avia_textblock av_inherit_color'  itemprop=\"text\" ><p>NOT\u00cdCIAS<\/p>\n<\/div><\/section>\n<div  data-slideshow-options=\"{&quot;animation&quot;:&quot;fade&quot;,&quot;autoplay&quot;:false,&quot;loop_autoplay&quot;:&quot;once&quot;,&quot;interval&quot;:&quot;5&quot;,&quot;loop_manual&quot;:&quot;manual-endless&quot;,&quot;autoplay_stopper&quot;:false,&quot;noNavigation&quot;:false,&quot;show_slide_delay&quot;:90}\" class='avia-content-slider avia-content-slider-active avia-content-slider1 avia-content-slider-odd  avia-builder-el-4  el_after_av_textblock  avia-builder-el-last  av-slideshow-ui av-control-default   av-no-slider-navigation av-slideshow-manual av-loop-once av-loop-manual-endless '  itemscope=\"itemscope\" itemtype=\"https:\/\/schema.org\/Blog\" ><div class=\"avia-content-slider-inner\"><div class=\"slide-entry-wrap\"><article class='slide-entry flex_column  post-entry post-entry-955 slide-entry-overview slide-loop-1 slide-parity-odd  av_one_third first real-thumbnail post-format-standard'  itemscope=\"itemscope\" itemtype=\"https:\/\/schema.org\/CreativeWork\" ><a href='https:\/\/apostolodaeucaristia.pt\/index.php\/2024\/05\/15\/do-movimento-eucaristico-ao-quinto-congresso\/' data-rel='slide-1' class='slide-image' title='Do Movimento Eucar\u00edstico ao Quinto Congresso'><img decoding=\"async\" width=\"495\" height=\"150\" src=\"https:\/\/apostolodaeucaristia.pt\/wp-content\/uploads\/2024\/05\/maio2024-5congresso_1-495x150.png\" class=\"wp-image-956 avia-img-lazy-loading-not-956 attachment-portfolio size-portfolio wp-post-image\" alt=\"quinto congresso eucar\u00edstico\" \/><\/a><div class=\"slide-content\"><header class=\"entry-content-header\"><h3 class='slide-entry-title entry-title '  itemprop=\"headline\" ><a href='https:\/\/apostolodaeucaristia.pt\/index.php\/2024\/05\/15\/do-movimento-eucaristico-ao-quinto-congresso\/' title='Do Movimento Eucar\u00edstico ao Quinto Congresso'>Do Movimento Eucar\u00edstico ao Quinto Congresso<\/a><\/h3><span class=\"av-vertical-delimiter\"><\/span><\/header><div class=\"slide-meta\"><div class=\"slide-meta-comments\"><a href='https:\/\/apostolodaeucaristia.pt\/index.php\/2024\/05\/15\/do-movimento-eucaristico-ao-quinto-congresso\/#respond'>0 Comments<\/a><\/div><div class=\"slide-meta-del\">\/<\/div><time class='slide-meta-time updated'  itemprop=\"datePublished\" datetime=\"2024-05-15T00:41:34+00:00\" >Maio 15, 2024<\/time><\/div><div class='slide-entry-excerpt entry-content'  itemprop=\"text\" >\u00abPor uma gra\u00e7a extraordin\u00e1ria do Senhor que nunca saberei agradecer, pode-se dizer que todo o movimento eucar\u00edstico, que est\u00e1 avassalando todo o Portugal, partiu daqui\u00bb.\n\nAproximando-nos da realiza\u00e7\u00e3o do Quinto Congresso Nacional, que Braga acolhe de 31 de maio a 02 de junho, e porque sabemos da import\u00e2ncia preponderante que o Servo de Deus Padre Ab\u00edlio Gomes Correia, na sua humildade e dedica\u00e7\u00e3o, teve na g\u00e9nese de todo o movimento eucar\u00edstico e do Primeiro Congresso Nacional h\u00e1 cem anos, a comunidade paroquial de S\u00e3o Mamede de Este est\u00e1 a preparar duas iniciativas para assinalar esta data e acontecimento t\u00e3o significativos.<div class=\"read-more-link\"><a href=\"https:\/\/apostolodaeucaristia.pt\/index.php\/2024\/05\/15\/do-movimento-eucaristico-ao-quinto-congresso\/\" class=\"more-link\">Read more<span class=\"more-link-arrow\"><\/span><\/a><\/div><\/div><\/div><footer class=\"entry-footer\"><\/footer><span class='hidden'>\n\t\t\t\t<span class='av-structured-data'  itemprop=\"image\" itemscope=\"itemscope\" itemtype=\"https:\/\/schema.org\/ImageObject\" >\n\t\t\t\t\t\t<span itemprop='url'>https:\/\/apostolodaeucaristia.pt\/wp-content\/uploads\/2024\/05\/maio2024-5congresso_1.png<\/span>\n\t\t\t\t\t\t<span itemprop='height'>150<\/span>\n\t\t\t\t\t\t<span itemprop='width'>600<\/span>\n\t\t\t\t<\/span>\n\t\t\t\t<span class='av-structured-data'  itemprop=\"publisher\" itemtype=\"https:\/\/schema.org\/Organization\" itemscope=\"itemscope\" >\n\t\t\t\t\t\t<span itemprop='name'>estesaomamede<\/span>\n\t\t\t\t\t\t<span itemprop='logo' itemscope itemtype='https:\/\/schema.org\/ImageObject'>\n\t\t\t\t\t\t\t<span itemprop='url'>https:\/\/apostolodaeucaristia.pt\/wp-content\/uploads\/2023\/09\/logotipo-menu-superior.png<\/span>\n\t\t\t\t\t\t<\/span>\n\t\t\t\t<\/span><span class='av-structured-data'  itemprop=\"author\" itemscope=\"itemscope\" itemtype=\"https:\/\/schema.org\/Person\" ><span itemprop='name'>estesaomamede<\/span><\/span><span class='av-structured-data'  itemprop=\"datePublished\" datetime=\"2023-09-23T16:25:14+00:00\" >2024-05-15 00:41:34<\/span><span class='av-structured-data'  itemprop=\"dateModified\" itemtype=\"https:\/\/schema.org\/dateModified\" >2024-05-23 00:49:50<\/span><span class='av-structured-data'  itemprop=\"mainEntityOfPage\" itemtype=\"https:\/\/schema.org\/mainEntityOfPage\" ><span itemprop='name'>Do Movimento Eucar\u00edstico ao Quinto Congresso<\/span><\/span><\/span><\/article><article class='slide-entry flex_column  post-entry post-entry-256 slide-entry-overview slide-loop-2 slide-parity-even  av_one_third  real-thumbnail post-format-standard'  itemscope=\"itemscope\" itemtype=\"https:\/\/schema.org\/CreativeWork\" ><a href='https:\/\/apostolodaeucaristia.pt\/index.php\/2023\/06\/29\/noticia-1\/' data-rel='slide-1' class='slide-image' title='Um testemunho de amor a Jesus Eucar\u00edstico'><img decoding=\"async\" width=\"495\" height=\"150\" src=\"https:\/\/apostolodaeucaristia.pt\/wp-content\/uploads\/1998\/03\/geral_2-495x150.png\" class=\"wp-image-889 avia-img-lazy-loading-not-889 attachment-portfolio size-portfolio wp-post-image\" alt=\"Pe. Ab\u00edlio: Ap\u00f3stolo da Eucaristia\" \/><\/a><div class=\"slide-content\"><header class=\"entry-content-header\"><h3 class='slide-entry-title entry-title '  itemprop=\"headline\" ><a href='https:\/\/apostolodaeucaristia.pt\/index.php\/2023\/06\/29\/noticia-1\/' title='Um testemunho de amor a Jesus Eucar\u00edstico'>Um testemunho de amor a Jesus Eucar\u00edstico<\/a><\/h3><span class=\"av-vertical-delimiter\"><\/span><\/header><div class=\"slide-meta\"><time class='slide-meta-time updated'  itemprop=\"datePublished\" datetime=\"2023-06-29T16:26:00+00:00\" >Junho 29, 2023<\/time><\/div><div class='slide-entry-excerpt entry-content'  itemprop=\"text\" >\"Padre Ab\u00edlio n\u00e3o \u00e9 de todo uma figura de museu, nem de hist\u00f3ria, nem \u00e9 isso que pretendemos. Se formos capazes de perceber e entender a Eucaristia como ele o fez, estaremos muito mais preparados para estes desafios pastorais que se colocam \u00e0 comunidade.\"\n\nNeste dia 29 de junho, 56\u00ba anivers\u00e1rio de falecimento Servo de Deus, padre Ab\u00edlio Gomes Correia, conhecido como \u201cAp\u00f3stolo da Eucaristia\u201d, trazemos uma entrevista com C\u00f3nego Avelino Amorim, p\u00e1roco de S\u00e3o Mamede de Este, para conhecermos um pouco mais desta hist\u00f3ria de vida.<div class=\"read-more-link\"><a href=\"https:\/\/apostolodaeucaristia.pt\/index.php\/2023\/06\/29\/noticia-1\/\" class=\"more-link\">Read more<span class=\"more-link-arrow\"><\/span><\/a><\/div><\/div><\/div><footer class=\"entry-footer\"><\/footer><span class='hidden'>\n\t\t\t\t<span class='av-structured-data'  itemprop=\"image\" itemscope=\"itemscope\" itemtype=\"https:\/\/schema.org\/ImageObject\" >\n\t\t\t\t\t\t<span itemprop='url'>https:\/\/apostolodaeucaristia.pt\/wp-content\/uploads\/1998\/03\/geral_2.png<\/span>\n\t\t\t\t\t\t<span itemprop='height'>150<\/span>\n\t\t\t\t\t\t<span itemprop='width'>600<\/span>\n\t\t\t\t<\/span>\n\t\t\t\t<span class='av-structured-data'  itemprop=\"publisher\" itemtype=\"https:\/\/schema.org\/Organization\" itemscope=\"itemscope\" >\n\t\t\t\t\t\t<span itemprop='name'>Avelino Amorim<\/span>\n\t\t\t\t\t\t<span itemprop='logo' itemscope itemtype='https:\/\/schema.org\/ImageObject'>\n\t\t\t\t\t\t\t<span itemprop='url'>https:\/\/apostolodaeucaristia.pt\/wp-content\/uploads\/2023\/09\/logotipo-menu-superior.png<\/span>\n\t\t\t\t\t\t<\/span>\n\t\t\t\t<\/span><span class='av-structured-data'  itemprop=\"author\" itemscope=\"itemscope\" itemtype=\"https:\/\/schema.org\/Person\" ><span itemprop='name'>Avelino Amorim<\/span><\/span><span class='av-structured-data'  itemprop=\"datePublished\" datetime=\"2023-09-23T16:25:14+00:00\" >2023-06-29 16:26:00<\/span><span class='av-structured-data'  itemprop=\"dateModified\" itemtype=\"https:\/\/schema.org\/dateModified\" >2024-02-06 18:25:07<\/span><span class='av-structured-data'  itemprop=\"mainEntityOfPage\" itemtype=\"https:\/\/schema.org\/mainEntityOfPage\" ><span itemprop='name'>Um testemunho de amor a Jesus Eucar\u00edstico<\/span><\/span><\/span><\/article><article class='slide-entry flex_column  post-entry post-entry-803 slide-entry-overview slide-loop-3 slide-parity-odd  post-entry-last  av_one_third  real-thumbnail post-format-standard'  itemscope=\"itemscope\" itemtype=\"https:\/\/schema.org\/CreativeWork\" ><a href='https:\/\/apostolodaeucaristia.pt\/index.php\/2023\/06\/08\/apostolo-da-eucaristia\/' data-rel='slide-1' class='slide-image' title='Pe. Ab\u00edlio: Ap\u00f3stolo da Eucaristia'><img decoding=\"async\" width=\"495\" height=\"150\" src=\"https:\/\/apostolodaeucaristia.pt\/wp-content\/uploads\/2023\/06\/jun2023-igreja-viva-1-495x150.png\" class=\"wp-image-882 avia-img-lazy-loading-not-882 attachment-portfolio size-portfolio wp-post-image\" alt=\"Pe. Ab\u00edlio: Ap\u00f3stolo da Eucaristia\" \/><\/a><div class=\"slide-content\"><header class=\"entry-content-header\"><h3 class='slide-entry-title entry-title '  itemprop=\"headline\" ><a href='https:\/\/apostolodaeucaristia.pt\/index.php\/2023\/06\/08\/apostolo-da-eucaristia\/' title='Pe. Ab\u00edlio: Ap\u00f3stolo da Eucaristia'>Pe. Ab\u00edlio: Ap\u00f3stolo da Eucaristia<\/a><\/h3><span class=\"av-vertical-delimiter\"><\/span><\/header><div class=\"slide-meta\"><time class='slide-meta-time updated'  itemprop=\"datePublished\" datetime=\"2023-06-08T19:06:00+00:00\" >Junho 8, 2023<\/time><\/div><div class='slide-entry-excerpt entry-content'  itemprop=\"text\" >Esta edi\u00e7\u00e3o do Igreja Viva sai justamente no dia em que a Igreja celebra a Solenidade do Sant\u00edssimo Corpo e Sangue de Cristo, neste ano, 8 de junho. Experimentar a presen\u00e7a de Jesus Sacramentado, vivo em plenitude - Corpo, Sangue, Alma e Divindade - \u00e9 para todos n\u00f3s uma gra\u00e7a extraordin\u00e1ria. Neste dia trazemos um pouco da hist\u00f3ria do padre bracarense, Ab\u00edlio Gomes Correia,  Servo de Deus, conhecido como \u201cAp\u00f3stolo da Eucaristia\u201d, para que, segundo o seu  exemplo, exercitemos a nossa devo\u00e7\u00e3o e sejamos inspirados a amar, em total entrega, a Jesus Eucar\u00edstico.\nPadre Ab\u00edlio nasceu em Padim da Gra\u00e7a, a 9 de Fevereiro de 1882.<div class=\"read-more-link\"><a href=\"https:\/\/apostolodaeucaristia.pt\/index.php\/2023\/06\/08\/apostolo-da-eucaristia\/\" class=\"more-link\">Read more<span class=\"more-link-arrow\"><\/span><\/a><\/div><\/div><\/div><footer class=\"entry-footer\"><\/footer><span class='hidden'>\n\t\t\t\t<span class='av-structured-data'  itemprop=\"image\" itemscope=\"itemscope\" itemtype=\"https:\/\/schema.org\/ImageObject\" >\n\t\t\t\t\t\t<span itemprop='url'>https:\/\/apostolodaeucaristia.pt\/wp-content\/uploads\/2023\/06\/jun2023-igreja-viva-1.png<\/span>\n\t\t\t\t\t\t<span itemprop='height'>150<\/span>\n\t\t\t\t\t\t<span itemprop='width'>600<\/span>\n\t\t\t\t<\/span>\n\t\t\t\t<span class='av-structured-data'  itemprop=\"publisher\" itemtype=\"https:\/\/schema.org\/Organization\" itemscope=\"itemscope\" >\n\t\t\t\t\t\t<span itemprop='name'>estesaomamede<\/span>\n\t\t\t\t\t\t<span itemprop='logo' itemscope itemtype='https:\/\/schema.org\/ImageObject'>\n\t\t\t\t\t\t\t<span itemprop='url'>https:\/\/apostolodaeucaristia.pt\/wp-content\/uploads\/2023\/09\/logotipo-menu-superior.png<\/span>\n\t\t\t\t\t\t<\/span>\n\t\t\t\t<\/span><span class='av-structured-data'  itemprop=\"author\" itemscope=\"itemscope\" itemtype=\"https:\/\/schema.org\/Person\" ><span itemprop='name'>estesaomamede<\/span><\/span><span class='av-structured-data'  itemprop=\"datePublished\" datetime=\"2023-09-23T16:25:14+00:00\" >2023-06-08 19:06:00<\/span><span class='av-structured-data'  itemprop=\"dateModified\" itemtype=\"https:\/\/schema.org\/dateModified\" >2024-02-06 18:21:25<\/span><span class='av-structured-data'  itemprop=\"mainEntityOfPage\" itemtype=\"https:\/\/schema.org\/mainEntityOfPage\" ><span itemprop='name'>Pe. Ab\u00edlio: Ap\u00f3stolo da Eucaristia<\/span><\/span><\/span><\/article><\/div><\/div><\/div>\n","protected":false},"excerpt":{"rendered":"","protected":false},"author":2,"featured_media":0,"parent":0,"menu_order":0,"comment_status":"closed","ping_status":"closed","template":"","meta":{"_monsterinsights_skip_tracking":false,"_monsterinsights_sitenote_active":false,"_monsterinsights_sitenote_note":"","_monsterinsights_sitenote_category":0,"footnotes":""},"aioseo_notices":[],"_links":{"self":[{"href":"https:\/\/apostolodaeucaristia.pt\/index.php\/wp-json\/wp\/v2\/pages\/254"}],"collection":[{"href":"https:\/\/apostolodaeucaristia.pt\/index.php\/wp-json\/wp\/v2\/pages"}],"about":[{"href":"https:\/\/apostolodaeucaristia.pt\/index.php\/wp-json\/wp\/v2\/types\/page"}],"author":[{"embeddable":true,"href":"https:\/\/apostolodaeucaristia.pt\/index.php\/wp-json\/wp\/v2\/users\/2"}],"replies":[{"embeddable":true,"href":"https:\/\/apostolodaeucaristia.pt\/index.php\/wp-json\/wp\/v2\/comments?post=254"}],"version-history":[{"count":34,"href":"https:\/\/apostolodaeucaristia.pt\/index.php\/wp-json\/wp\/v2\/pages\/254\/revisions"}],"predecessor-version":[{"id":952,"href":"https:\/\/apostolodaeucaristia.pt\/index.php\/wp-json\/wp\/v2\/pages\/254\/revisions\/952"}],"wp:attachment":[{"href":"https:\/\/apostolodaeucaristia.pt\/index.php\/wp-json\/wp\/v2\/media?parent=254"}],"curies":[{"name":"wp","href":"https:\/\/api.w.org\/{rel}","templated":true}]}}