{"id":59,"date":"2023-01-28T12:07:35","date_gmt":"2023-01-28T12:07:35","guid":{"rendered":"https:\/\/apostolodaeucaristia.pt\/?page_id=59"},"modified":"2024-02-06T18:36:01","modified_gmt":"2024-02-06T18:36:01","slug":"59-2","status":"publish","type":"page","link":"https:\/\/apostolodaeucaristia.pt\/","title":{"rendered":"Pe Ab\u00edlio Gomes Correia"},"content":{"rendered":"<div id='full_slider_1'  class='avia-fullwidth-slider main_color avia-shadow   avia-builder-el-0  el_before_av_hr  avia-builder-el-first   container_wrap fullsize'  ><div  class='avia-slideshow av-lsapbuor-bf3cde5aaffff026ef5cfdedb84de8de avia-slideshow-featured av_slideshow_full avia-slide-slider av-slideshow-ui av-control-default av-slideshow-manual av-loop-once av-loop-manual-endless av-default-height-applied   avia-slideshow-1' data-slideshow-options=\"{&quot;animation&quot;:&quot;slide&quot;,&quot;autoplay&quot;:false,&quot;loop_autoplay&quot;:&quot;once&quot;,&quot;interval&quot;:5,&quot;loop_manual&quot;:&quot;manual-endless&quot;,&quot;autoplay_stopper&quot;:false,&quot;noNavigation&quot;:false,&quot;bg_slider&quot;:false,&quot;keep_padding&quot;:false,&quot;hoverpause&quot;:false,&quot;show_slide_delay&quot;:0}\"  itemprop=\"image\" itemscope=\"itemscope\" itemtype=\"https:\/\/schema.org\/ImageObject\" ><ul class='avia-slideshow-inner ' style='padding-bottom: 16.666666666667%;'><li  class='avia-slideshow-slide av-lsapbuor-bf3cde5aaffff026ef5cfdedb84de8de__0  av-single-slide slide-1 slide-odd'><div data-rel='slideshow-1' class='avia-slide-wrap '   ><img decoding=\"async\" class=\"wp-image-918 avia-img-lazy-loading-not-918\"  src=\"https:\/\/apostolodaeucaristia.pt\/wp-content\/uploads\/2024\/02\/IMG-BANNER_final7-1500x250.png\" width=\"1500\" height=\"250\" title='IMG-BANNER_final7' alt=''  itemprop=\"thumbnailUrl\"   \/><\/div><\/li><\/ul><\/div><\/div><div id='after_full_slider_1'  class='main_color av_default_container_wrap container_wrap fullsize'  ><div class='container av-section-cont-open' ><div class='template-page content  av-content-full alpha units'><div class='post-entry post-entry-type-page post-entry-59'><div class='entry-content-wrapper clearfix'>\n\n<style type=\"text\/css\" data-created_by=\"avia_inline_auto\" id=\"style-css-av-qdqj-586e025b0cd74daeff8f395cd9d0516a\">\n#top .hr.hr-invisible.av-qdqj-586e025b0cd74daeff8f395cd9d0516a{\nheight:25px;\n}\n<\/style>\n<div  class='hr av-qdqj-586e025b0cd74daeff8f395cd9d0516a hr-invisible  avia-builder-el-1  el_after_av_slideshow_full  el_before_av_hr  avia-builder-el-first '><span class='hr-inner '><span class=\"hr-inner-style\"><\/span><\/span><\/div>\n\n<style type=\"text\/css\" data-created_by=\"avia_inline_auto\" id=\"style-css-av-lox8h601-57e727cab7bf4dbced07500017cde532\">\n#top .hr.hr-invisible.av-lox8h601-57e727cab7bf4dbced07500017cde532{\nheight:25px;\n}\n<\/style>\n<div  class='hr av-lox8h601-57e727cab7bf4dbced07500017cde532 hr-invisible  avia-builder-el-2  el_after_av_hr  el_before_av_textblock '><span class='hr-inner '><span class=\"hr-inner-style\"><\/span><\/span><\/div>\n<section  class='av_textblock_section av-lox8hxv8-a0c8e952d9c6d94169404ee728b386bc'  itemscope=\"itemscope\" itemtype=\"https:\/\/schema.org\/CreativeWork\" ><div class='avia_textblock'  itemprop=\"text\" ><p>O Servo de Deus, Padre Ab\u00edlio Gomes Correia (9 de fevereiro de 1882 \u2013 29 de junho de 1967) \u00e9 um enorme Dom que Deus concedeu ao Presbit\u00e9rio e \u00e0 Arquidiocese de Braga para toda a Igreja.<\/p>\n<p>Na prepara\u00e7\u00e3o do V Congresso Eucar\u00edstico Nacional (CEN) em 2024, recordando o primeiro centen\u00e1rio do Congresso Eucar\u00edstico Nacional realizado em Braga, \u00e9-nos grato lembrar que o Padre Ab\u00edlio foi Vogal da Comiss\u00e3o de meios do primeiro CEN (1924), presidida pelo C\u00f3nego Lu\u00eds Ant\u00f3nio de Almeida, futuro Bispo de Bragan\u00e7a-Miranda (1932-1935).<\/p>\n<p>Este homem eucar\u00edstico deixou palavras not\u00e1veis que provam o seu ardor mission\u00e1rio: \u00abN\u00e3o h\u00e1 C\u00e9u fora da Sant\u00edssima Eucaristia, e h\u00e1 tanto mais C\u00e9u, quanto mais Eucaristia\u00bb.<\/p>\n<p>Na verdade, a vida crist\u00e3 liga-se intimamente \u00e0 Eucaristia e \u00e9 insepar\u00e1vel dela. Por isso, a Eucaristia \u00e9 a fonte e o v\u00e9rtice da ora\u00e7\u00e3o crist\u00e3. A centralidade da celebra\u00e7\u00e3o eucar\u00edstica \u00e9 o lugar privilegiado do encontro com o Senhor.<\/p>\n<p>A celebra\u00e7\u00e3o da Eucaristia prolonga-se na vida e na adora\u00e7\u00e3o eucar\u00edstica com o culto eucar\u00edstico fora da Missa. A Missa leva \u00e0 Miss\u00e3o.<\/p>\n<p>O testemunho feliz do Padre Ab\u00edlio nos renove na Esperan\u00e7a!<\/p>\n<p>Cordialmente em Cristo<\/p>\n<p>+ Jos\u00e9 Manuel Cordeiro<br \/>\nArcebispo Metropolita de Braga<\/p>\n<\/div><\/section>\n","protected":false},"excerpt":{"rendered":"","protected":false},"author":2,"featured_media":0,"parent":0,"menu_order":1,"comment_status":"closed","ping_status":"closed","template":"","meta":{"_monsterinsights_skip_tracking":false,"_monsterinsights_sitenote_active":false,"_monsterinsights_sitenote_note":"","_monsterinsights_sitenote_category":0,"footnotes":""},"aioseo_notices":[],"_links":{"self":[{"href":"https:\/\/apostolodaeucaristia.pt\/index.php\/wp-json\/wp\/v2\/pages\/59"}],"collection":[{"href":"https:\/\/apostolodaeucaristia.pt\/index.php\/wp-json\/wp\/v2\/pages"}],"about":[{"href":"https:\/\/apostolodaeucaristia.pt\/index.php\/wp-json\/wp\/v2\/types\/page"}],"author":[{"embeddable":true,"href":"https:\/\/apostolodaeucaristia.pt\/index.php\/wp-json\/wp\/v2\/users\/2"}],"replies":[{"embeddable":true,"href":"https:\/\/apostolodaeucaristia.pt\/index.php\/wp-json\/wp\/v2\/comments?post=59"}],"version-history":[{"count":54,"href":"https:\/\/apostolodaeucaristia.pt\/index.php\/wp-json\/wp\/v2\/pages\/59\/revisions"}],"predecessor-version":[{"id":920,"href":"https:\/\/apostolodaeucaristia.pt\/index.php\/wp-json\/wp\/v2\/pages\/59\/revisions\/920"}],"wp:attachment":[{"href":"https:\/\/apostolodaeucaristia.pt\/index.php\/wp-json\/wp\/v2\/media?parent=59"}],"curies":[{"name":"wp","href":"https:\/\/api.w.org\/{rel}","templated":true}]}}